{"id":5382,"date":"2024-03-29T09:30:14","date_gmt":"2024-03-29T09:30:14","guid":{"rendered":"https:\/\/wpriverthemes.com\/magnuz\/?page_id=3"},"modified":"2025-05-29T12:46:47","modified_gmt":"2025-05-29T12:46:47","slug":"daten","status":"publish","type":"page","link":"https:\/\/consiliumaeternum.com\/en\/daten\/","title":{"rendered":"Datenschutzerkl\u00e4rung"},"content":{"rendered":"<div data-elementor-type=\"wp-page\" data-elementor-id=\"5382\" class=\"elementor elementor-5382\">\n\t\t\t\t<div class=\"elementor-element elementor-element-5e672d3a e-flex e-con-boxed e-con e-parent\" data-id=\"5e672d3a\" data-element_type=\"container\" data-e-type=\"container\">\n\t\t\t\t\t<div class=\"e-con-inner\">\n\t\t\t\t<div class=\"elementor-element elementor-element-441d8db6 elementor-widget elementor-widget-text-editor\" data-id=\"441d8db6\" data-element_type=\"widget\" data-e-type=\"widget\" data-widget_type=\"text-editor.default\">\n\t\t\t\t<div class=\"elementor-widget-container\">\n\t\t\t\t\t\t\t\t\t\n<p class=\"font_8 wixui-rich-text__text\"><span class=\"wixui-rich-text__text\">Datenschutzerkl\u00e4rung<\/span><\/p>\n<h3 class=\"font_3 wixui-rich-text__text wp-block-heading\"><span class=\"wixui-rich-text__text\">1. Einleitung und Kontaktdaten des Verantwortlichen<\/span><\/h3>\n<p class=\"font_8 wixui-rich-text__text\"><span class=\"wixui-rich-text__text\">1.1<br class=\"wixui-rich-text__text\" \/>Wir freuen uns \u00fcber Ihren Besuch auf unserer Website und Ihr Interesse an unseren Angeboten. Der Schutz Ihrer personenbezogenen Daten ist uns ein wichtiges Anliegen. Nachfolgend informieren wir Sie \u00fcber die Verarbeitung Ihrer personenbezogenen Daten bei der Nutzung unserer Website. Personenbezogene Daten sind alle Informationen, mit denen Sie pers\u00f6nlich identifiziert werden k\u00f6nnen.<\/span><\/p>\n<p class=\"font_8 wixui-rich-text__text\"><span class=\"wixui-rich-text__text\">1.2<br class=\"wixui-rich-text__text\" \/>Verantwortlich f\u00fcr die Datenverarbeitung auf dieser Website im Sinne der Datenschutz-Grundverordnung (DSGVO) ist:<\/span><\/p>\n<p>CONSILIUM AETERNUM LTD <br \/>Omonoias 13, SOHO EMBASSY 3052, Limassol, Cyprus<\/p>\n<p>Director G\u00fcnther Jahn<br \/>Register No. \u0397\u0395 472166<br \/>VAT No. CY60152129O<\/p>\n<p class=\"font_8 wixui-rich-text__text\">+357 9598 2208<br \/>info@consiliumaeternum.com<\/p>\n<p class=\"font_8 wixui-rich-text__text\"><span class=\"wixui-rich-text__text\">Der Verantwortliche ist die nat\u00fcrliche oder juristische Person, die allein oder gemeinsam mit anderen \u00fcber die Zwecke und Mittel der Verarbeitung personenbezogener Daten entscheidet.<\/span><\/p>\n<h3 class=\"font_3 wixui-rich-text__text\"><span class=\"wixui-rich-text__text\">2. Datenerfassung beim Besuch unserer Website<\/span><\/h3>\n<p class=\"font_8 wixui-rich-text__text\"><span class=\"wixui-rich-text__text\">2.1<br class=\"wixui-rich-text__text\" \/>Bei rein informatorischer Nutzung unserer Website \u2013 also wenn Sie sich nicht registrieren oder uns anderweitig Informationen \u00fcbermitteln \u2013 erheben wir nur jene Daten, die Ihr Browser an unseren Server \u00fcbermittelt (sogenannte \u201eServer-Logfiles\u201c). Diese umfassen:<\/span><\/p>\n<ul class=\"font_8 wixui-rich-text__text\">\n<li class=\"wixui-rich-text__text\">\n<p class=\"font_8 wixui-rich-text__text\"><span class=\"wixui-rich-text__text\">Besuchte Seite unserer Website<\/span><\/p>\n<\/li>\n<li class=\"wixui-rich-text__text\">\n<p class=\"font_8 wixui-rich-text__text\"><span class=\"wixui-rich-text__text\">Datum und Uhrzeit des Zugriffs<\/span><\/p>\n<\/li>\n<li class=\"wixui-rich-text__text\">\n<p class=\"font_8 wixui-rich-text__text\"><span class=\"wixui-rich-text__text\">\u00dcbertragene Datenmenge in Byte<\/span><\/p>\n<\/li>\n<li class=\"wixui-rich-text__text\">\n<p class=\"font_8 wixui-rich-text__text\"><span class=\"wixui-rich-text__text\">Quelle\/Verweis, von welchem Sie auf die Seite gelangten<\/span><\/p>\n<\/li>\n<li class=\"wixui-rich-text__text\">\n<p class=\"font_8 wixui-rich-text__text\"><span class=\"wixui-rich-text__text\">Verwendeter Browser<\/span><\/p>\n<\/li>\n<li class=\"wixui-rich-text__text\">\n<p class=\"font_8 wixui-rich-text__text\"><span class=\"wixui-rich-text__text\">Verwendetes Betriebssystem<\/span><\/p>\n<\/li>\n<li class=\"wixui-rich-text__text\">\n<p class=\"font_8 wixui-rich-text__text\"><span class=\"wixui-rich-text__text\">IP-Adresse (ggf. in anonymisierter Form)<\/span><\/p>\n<\/li>\n<\/ul>\n<p class=\"font_8 wixui-rich-text__text\"><span class=\"wixui-rich-text__text\">Die Verarbeitung erfolgt gem\u00e4\u00df Art. 6 Abs. 1 lit. f DSGVO auf Grundlage unseres berechtigten Interesses an der technischen Stabilit\u00e4t und Funktionalit\u00e4t der Website. Eine Weitergabe oder anderweitige Nutzung der Daten findet nicht statt. Wir behalten uns jedoch vor, die Server-Logfiles nachtr\u00e4glich zu pr\u00fcfen, sofern konkrete Anhaltspunkte auf eine rechtswidrige Nutzung bestehen.<\/span><\/p>\n<p class=\"font_8 wixui-rich-text__text\"><span class=\"wixui-rich-text__text\">2.2<br class=\"wixui-rich-text__text\" \/>Zum Schutz der \u00dcbertragung vertraulicher Inhalte (z.\u202fB. Anfragen oder Bestellungen) nutzt diese Website eine SSL- bzw. TLS-Verschl\u00fcsselung. Eine verschl\u00fcsselte Verbindung erkennen Sie an der Zeichenfolge \u201ehttps:\/\/\u201c sowie am Schloss-Symbol in Ihrer Browserzeile.<\/span><\/p>\n<h3 class=\"font_3 wixui-rich-text__text\"><span class=\"wixui-rich-text__text\">3. Cookies<\/span><\/h3>\n<p class=\"font_8 wixui-rich-text__text\"><span class=\"wixui-rich-text__text\">Um den Besuch unserer Website m\u00f6glichst benutzerfreundlich zu gestalten und bestimmte Funktionen bereitzustellen, verwenden wir sogenannte Cookies \u2013 kleine Textdateien, die auf Ihrem Endger\u00e4t gespeichert werden. Einige dieser Cookies werden nach dem Schlie\u00dfen Ihres Browsers automatisch gel\u00f6scht (sogenannte Session-Cookies), andere verbleiben dauerhaft auf Ihrem Ger\u00e4t und erm\u00f6glichen es uns, Ihre Einstellungen bei einem erneuten Besuch wiederzuerkennen (persistente Cookies). Die jeweilige Speicherdauer k\u00f6nnen Sie den Cookie-Einstellungen Ihres Browsers entnehmen.<\/span><\/p>\n<p class=\"font_8 wixui-rich-text__text\"><span class=\"wixui-rich-text__text\">Sofern durch den Einsatz einzelner Cookies personenbezogene Daten verarbeitet werden, erfolgt dies:<\/span><\/p>\n<ul class=\"font_8 wixui-rich-text__text\">\n<li class=\"wixui-rich-text__text\">\n<p class=\"font_8 wixui-rich-text__text\"><span class=\"wixui-rich-text__text\">gem\u00e4\u00df Art. 6 Abs. 1 lit. b DSGVO zur Vertragserf\u00fcllung,<\/span><\/p>\n<\/li>\n<li class=\"wixui-rich-text__text\">\n<p class=\"font_8 wixui-rich-text__text\"><span class=\"wixui-rich-text__text\">gem\u00e4\u00df Art. 6 Abs. 1 lit. a DSGVO auf Grundlage Ihrer Einwilligung oder<\/span><\/p>\n<\/li>\n<li class=\"wixui-rich-text__text\">\n<p class=\"font_8 wixui-rich-text__text\"><span class=\"wixui-rich-text__text\">gem\u00e4\u00df Art. 6 Abs. 1 lit. f DSGVO zur Wahrung unseres berechtigten Interesses an einer technisch einwandfreien und nutzerfreundlichen Bereitstellung unserer Website.<\/span><\/p>\n<\/li>\n<\/ul>\n<p class=\"font_8 wixui-rich-text__text\"><span class=\"wixui-rich-text__text\">Sie haben die M\u00f6glichkeit, Ihren Browser so zu konfigurieren, dass Sie \u00fcber das Setzen von Cookies informiert werden, Cookies nur im Einzelfall erlauben, die Annahme f\u00fcr bestimmte F\u00e4lle oder generell ausschlie\u00dfen oder das automatische L\u00f6schen der Cookies beim Schlie\u00dfen des Browsers aktivieren.<\/span><\/p>\n<p class=\"font_8 wixui-rich-text__text\"><span class=\"wixui-rich-text__text\">Bitte beachten Sie, dass bei der Deaktivierung von Cookies die Funktionalit\u00e4t unserer Website eingeschr\u00e4nkt sein kann.<\/span><\/p>\n<p class=\"font_8 wixui-rich-text__text\"><span class=\"wixui-rich-text__text\"><span class=\"wixGuard wixui-rich-text__text\">\u200b<\/span><\/span><\/p>\n<h3 class=\"font_3 wixui-rich-text__text\"><span class=\"wixui-rich-text__text\">4. Kontaktaufnahme<\/span><\/h3>\n<p class=\"font_8 wixui-rich-text__text\"><span class=\"wixui-rich-text__text\">Wenn Sie mit uns in Kontakt treten (z.\u202fB. per Kontaktformular oder E-Mail), werden personenbezogene Daten erhoben. Welche Daten im Falle eines Kontaktformulars erfasst werden, ergibt sich aus dem jeweiligen Formular. Diese Informationen werden ausschlie\u00dflich zur Bearbeitung Ihres Anliegens sowie f\u00fcr die damit verbundene technische Administration verwendet und gespeichert.<\/span><\/p>\n<p class=\"font_8 wixui-rich-text__text\"><span class=\"wixui-rich-text__text\">Rechtsgrundlage f\u00fcr die Verarbeitung ist unser berechtigtes Interesse an der Beantwortung Ihrer Anfrage gem\u00e4\u00df Art. 6 Abs. 1 lit. f DSGVO. Sofern Ihre Kontaktaufnahme auf den Abschluss eines Vertrags abzielt, ist zus\u00e4tzliche Rechtsgrundlage Art. 6 Abs. 1 lit. b DSGVO.<\/span><\/p>\n<p class=\"font_8 wixui-rich-text__text\"><span class=\"wixui-rich-text__text\">Ihre Daten werden gel\u00f6scht, sobald die Bearbeitung Ihrer Anfrage abgeschlossen ist und keine gesetzlichen Aufbewahrungspflichten entgegenstehen. Dies ist der Fall, wenn sich aus den Umst\u00e4nden ergibt, dass der betroffene Sachverhalt abschlie\u00dfend gekl\u00e4rt ist.<\/span><\/p>\n<h3 class=\"font_3 wixui-rich-text__text\"><span class=\"wixui-rich-text__text\">5. Seitenfunktionalit\u00e4ten<\/span><\/h3>\n<p class=\"font_8 wixui-rich-text__text\"><span class=\"wixui-rich-text__text\">Google Maps<\/span><\/p>\n<p class=\"font_8 wixui-rich-text__text\"><span class=\"wixui-rich-text__text\">Diese Website nutzt den Kartendienst Google Maps (API), bereitgestellt von Google Ireland Limited, Gordon House, 4 Barrow St, Dublin, D04 E5W5, Irland (\u201eGoogle\u201c).<\/span><\/p>\n<p class=\"font_8 wixui-rich-text__text\"><span class=\"wixui-rich-text__text\">Google Maps dient der visuellen Darstellung geografischer Informationen und erleichtert Ihnen die Orientierung sowie die Anfahrt zu unserem Standort.<\/span><\/p>\n<p class=\"font_8 wixui-rich-text__text\"><span class=\"wixui-rich-text__text\">Bereits beim Aufruf der Unterseiten, auf denen Google Maps eingebunden ist, werden Informationen \u00fcber Ihre Nutzung unserer Website (z.\u202fB. Ihre IP-Adresse) an Server von Google \u00fcbermittelt und dort gespeichert. Dabei kann es auch zu einer Daten\u00fcbertragung an Server der Google LLC in den USA kommen. Dies geschieht unabh\u00e4ngig davon, ob Sie bei Google eingeloggt sind oder ein Nutzerkonto besitzen. Sofern Sie eingeloggt sind, werden Ihre Daten direkt Ihrem Google-Konto zugeordnet. M\u00f6chten Sie dies vermeiden, loggen Sie sich bitte vor der Nutzung aus. Google erstellt auch f\u00fcr nicht eingeloggte Nutzer Nutzungsprofile und wertet diese aus.<\/span><\/p>\n<p class=\"font_8 wixui-rich-text__text\"><span class=\"wixui-rich-text__text\">Die Verarbeitung erfolgt gem\u00e4\u00df Art. 6 Abs. 1 lit. f DSGVO auf Grundlage des berechtigten Interesses von Google an personalisierter Werbung, Marktforschung und einer bedarfsgerechten Gestaltung seiner Dienste. Sie haben das Recht, dieser Profilbildung zu widersprechen. Bitte wenden Sie sich hierf\u00fcr direkt an Google.<\/span><\/p>\n<p class=\"font_8 wixui-rich-text__text\"><span class=\"wixui-rich-text__text\">Wenn Sie nicht m\u00f6chten, dass Ihre Daten im Rahmen der Nutzung von Google Maps \u00fcbermittelt werden, k\u00f6nnen Sie den Dienst durch Deaktivierung von JavaScript in Ihrem Browser vollst\u00e4ndig unterbinden. In diesem Fall steht Ihnen die Kartenanzeige auf unserer Website nicht zur Verf\u00fcgung.<\/span><\/p>\n<p class=\"font_8 wixui-rich-text__text\"><span class=\"wixui-rich-text__text\">Soweit gesetzlich erforderlich, erfolgt die Nutzung von Google Maps nur mit Ihrer ausdr\u00fccklichen Einwilligung gem\u00e4\u00df Art. 6 Abs. 1 lit. a DSGVO. Diese Einwilligung k\u00f6nnen Sie jederzeit mit Wirkung f\u00fcr die Zukunft widerrufen.<\/span><\/p>\n<p class=\"font_8 wixui-rich-text__text\"><span class=\"wixui-rich-text__text\">Google ist dem EU-US Data Privacy Framework beigetreten, das auf einem Angemessenheitsbeschluss der Europ\u00e4ischen Kommission basiert und ein angemessenes Datenschutzniveau gew\u00e4hrleistet.<\/span><\/p>\n<p class=\"font_8 wixui-rich-text__text\"><span class=\"wixui-rich-text__text\">Weitere Informationen zum Datenschutz bei Google finden Sie unter:<br class=\"wixui-rich-text__text\" \/>https:\/\/business.safety.google\/intl\/de\/privacy\/<\/span><\/p>\n<h3 class=\"font_3 wixui-rich-text__text\"><span class=\"wixui-rich-text__text\">6. Tools und Sonstiges<\/span><\/h3>\n<p class=\"font_8 wixui-rich-text__text\"><span class=\"wixui-rich-text__text\">Cookie-Consent-Tool<\/span><\/p>\n<p class=\"font_8 wixui-rich-text__text\"><span class=\"wixui-rich-text__text\">Diese Website verwendet ein sogenanntes Cookie-Consent-Tool, um wirksame Einwilligungen f\u00fcr den Einsatz einwilligungspflichtiger Cookies und cookie-basierter Anwendungen einzuholen. Beim Aufruf der Seite wird den Nutzerinnen und Nutzern eine interaktive Oberfl\u00e4che angezeigt, \u00fcber die sie durch Setzen von H\u00e4kchen gezielt Einwilligungen f\u00fcr bestimmte Cookies und Dienste erteilen k\u00f6nnen.<\/span><\/p>\n<p class=\"font_8 wixui-rich-text__text\"><span class=\"wixui-rich-text__text\">Einwilligungspflichtige Cookies und Anwendungen werden erst dann aktiviert, wenn eine entsprechende Zustimmung erfolgt ist. Dadurch wird sichergestellt, dass solche Cookies nur mit Ihrer ausdr\u00fccklichen Einwilligung auf Ihrem Endger\u00e4t gespeichert werden.<\/span><\/p>\n<p class=\"font_8 wixui-rich-text__text\"><span class=\"wixui-rich-text__text\">Das Tool selbst setzt technisch notwendige Cookies, um Ihre Auswahl zu speichern. Eine Verarbeitung personenbezogener Daten findet dabei grunds\u00e4tzlich nicht statt.<\/span><\/p>\n<p class=\"font_8 wixui-rich-text__text\"><span class=\"wixui-rich-text__text\">Sollte es im Einzelfall zur Verarbeitung personenbezogener Daten (z.\u202fB. IP-Adresse) im Zusammenhang mit der Speicherung oder Protokollierung Ihrer Cookie-Einstellungen kommen, erfolgt dies gem\u00e4\u00df Art. 6 Abs. 1 lit. f DSGVO auf Grundlage unseres berechtigten Interesses an einem rechtssicheren, nutzerfreundlichen Einwilligungsmanagement.<\/span><\/p>\n<p class=\"font_8 wixui-rich-text__text\"><span class=\"wixui-rich-text__text\">Zus\u00e4tzlich beruht die Verarbeitung auf Art. 6 Abs. 1 lit. c DSGVO, da wir gesetzlich verpflichtet sind, den Einsatz technisch nicht notwendiger Cookies von Ihrer Einwilligung abh\u00e4ngig zu machen.<\/span><\/p>\n<p class=\"font_8 wixui-rich-text__text\"><span class=\"wixui-rich-text__text\">Soweit erforderlich, haben wir mit dem Anbieter des Tools einen Auftragsverarbeitungsvertrag abgeschlossen, der den Schutz Ihrer Daten gew\u00e4hrleistet und eine unzul\u00e4ssige Weitergabe an Dritte ausschlie\u00dft.<\/span><\/p>\n<p class=\"font_8 wixui-rich-text__text\"><span class=\"wixui-rich-text__text\">Weitere Informationen zum Anbieter sowie zu den Einstellungsm\u00f6glichkeiten finden Sie direkt in der Benutzeroberfl\u00e4che des Cookie-Consent-Tools auf unserer Website.<\/span><\/p>\n<h3 class=\"font_3 wixui-rich-text__text\"><span class=\"wixui-rich-text__text\">7. Rechte der betroffenen Person<\/span><\/h3>\n<p class=\"font_8 wixui-rich-text__text\"><span class=\"wixui-rich-text__text\">Als betroffene Person stehen Ihnen gem\u00e4\u00df der Datenschutz-Grundverordnung (DSGVO) folgende Rechte gegen\u00fcber dem Verantwortlichen zu:<\/span><\/p>\n<p class=\"font_8 wixui-rich-text__text\"><span class=\"wixui-rich-text__text\">7.1 Auskunftsrecht (Art. 15 DSGVO)<br class=\"wixui-rich-text__text\" \/>Sie haben das Recht, Auskunft dar\u00fcber zu verlangen, ob und in welchem Umfang personenbezogene Daten von Ihnen verarbeitet werden.<\/span><\/p>\n<p class=\"font_8 wixui-rich-text__text\"><span class=\"wixui-rich-text__text\">7.2 Recht auf Berichtigung (Art. 16 DSGVO)<br class=\"wixui-rich-text__text\" \/>Sie k\u00f6nnen die unverz\u00fcgliche Berichtigung unrichtiger oder die Vervollst\u00e4ndigung unvollst\u00e4ndiger personenbezogener Daten verlangen.<\/span><\/p>\n<p class=\"font_8 wixui-rich-text__text\"><span class=\"wixui-rich-text__text\">7.3 Recht auf L\u00f6schung (Art. 17 DSGVO)<br class=\"wixui-rich-text__text\" \/>Sie haben das Recht, die L\u00f6schung Ihrer personenbezogenen Daten zu verlangen, sofern keine gesetzlichen Aufbewahrungspflichten oder andere berechtigte Gr\u00fcnde entgegenstehen.<\/span><\/p>\n<p class=\"font_8 wixui-rich-text__text\"><span class=\"wixui-rich-text__text\">7.4 Recht auf Einschr\u00e4nkung der Verarbeitung (Art. 18 DSGVO)<br class=\"wixui-rich-text__text\" \/>Unter bestimmten Voraussetzungen k\u00f6nnen Sie die Einschr\u00e4nkung der Verarbeitung Ihrer Daten verlangen.<\/span><\/p>\n<p class=\"font_8 wixui-rich-text__text\"><span class=\"wixui-rich-text__text\">7.5 Recht auf Unterrichtung (Art. 19 DSGVO)<br class=\"wixui-rich-text__text\" \/>Wenn Sie eines der oben genannten Rechte geltend machen, sind wir verpflichtet, allen Empf\u00e4ngern, denen personenbezogene Daten offengelegt wurden, die Berichtigung, L\u00f6schung oder Einschr\u00e4nkung der Verarbeitung mitzuteilen \u2013 es sei denn, dies ist unm\u00f6glich oder mit unverh\u00e4ltnism\u00e4\u00dfigem Aufwand verbunden.<\/span><\/p>\n<p class=\"font_8 wixui-rich-text__text\"><span class=\"wixui-rich-text__text\">7.6 Recht auf Daten\u00fcbertragbarkeit (Art. 20 DSGVO)<br class=\"wixui-rich-text__text\" \/>Sie haben das Recht, Ihre personenbezogenen Daten in einem strukturierten, g\u00e4ngigen und maschinenlesbaren Format zu erhalten oder deren \u00dcbermittlung an einen anderen Verantwortlichen zu verlangen.<\/span><\/p>\n<p class=\"font_8 wixui-rich-text__text\"><span class=\"wixui-rich-text__text\">7.7 Recht auf Widerruf erteilter Einwilligungen (Art. 7 Abs. 3 DSGVO)<br class=\"wixui-rich-text__text\" \/>Sie k\u00f6nnen eine einmal erteilte Einwilligung jederzeit mit Wirkung f\u00fcr die Zukunft widerrufen.<\/span><\/p>\n<p class=\"font_8 wixui-rich-text__text\"><span class=\"wixui-rich-text__text\">7.8 Beschwerderecht bei einer Aufsichtsbeh\u00f6rde (Art. 77 DSGVO)<br class=\"wixui-rich-text__text\" \/>Wenn Sie der Ansicht sind, dass die Verarbeitung Ihrer personenbezogenen Daten gegen die DSGVO verst\u00f6\u00dft, steht Ihnen das Recht zu, Beschwerde bei einer Aufsichtsbeh\u00f6rde einzulegen.<\/span><\/p>\n<p class=\"font_8 wixui-rich-text__text\"><span class=\"wixui-rich-text__text\">7.9 Widerspruchsrecht (Art. 21 DSGVO)<br class=\"wixui-rich-text__text\" \/>Sie haben das Recht, aus Gr\u00fcnden, die sich aus Ihrer besonderen Situation ergeben, jederzeit gegen die Verarbeitung Ihrer personenbezogenen Daten, die auf Grundlage von Art. 6 Abs. 1 lit. e oder f DSGVO erfolgt, Widerspruch einzulegen.<br class=\"wixui-rich-text__text\" \/>Werden Ihre Daten zum Zwecke der Direktwerbung verarbeitet, k\u00f6nnen Sie dieser Verarbeitung jederzeit widersprechen. Nach erfolgtem Widerspruch werden Ihre Daten nicht mehr zu Werbezwecken verarbeitet.<\/span><\/p>\n<h3 class=\"font_3 wixui-rich-text__text\"><span class=\"wixui-rich-text__text\">8. Dauer der Speicherung personenbezogener Daten<\/span><\/h3>\n<p class=\"font_8 wixui-rich-text__text\"><span class=\"wixui-rich-text__text\">Die Speicherdauer personenbezogener Daten richtet sich nach der jeweiligen Rechtsgrundlage, dem Zweck der Verarbeitung sowie \u2013 sofern relevant \u2013 nach den gesetzlichen Aufbewahrungsfristen (z.\u202fB. handels- oder steuerrechtliche Vorgaben).<\/span><\/p>\n<p class=\"font_8 wixui-rich-text__text\"><span class=\"wixui-rich-text__text\">8.1 Verarbeitung auf Grundlage einer Einwilligung (Art. 6 Abs. 1 lit. a DSGVO)<br class=\"wixui-rich-text__text\" \/>Daten, die auf Basis Ihrer ausdr\u00fccklichen Einwilligung verarbeitet werden, speichern wir so lange, bis Sie Ihre Einwilligung widerrufen.<\/span><\/p>\n<p class=\"font_8 wixui-rich-text__text\"><span class=\"wixui-rich-text__text\">8.2 Verarbeitung zur Vertragserf\u00fcllung (Art. 6 Abs. 1 lit. b DSGVO)<br class=\"wixui-rich-text__text\" \/>Daten, die zur Erf\u00fcllung vertraglicher oder vertrags\u00e4hnlicher Pflichten verarbeitet werden, l\u00f6schen wir nach Ablauf gesetzlicher Aufbewahrungsfristen, sofern sie nicht mehr zur Vertragserf\u00fcllung oder -anbahnung erforderlich sind und kein berechtigtes Interesse an einer weiteren Speicherung besteht.<\/span><\/p>\n<p class=\"font_8 wixui-rich-text__text\"><span class=\"wixui-rich-text__text\">8.3 Verarbeitung auf Grundlage berechtigter Interessen (Art. 6 Abs. 1 lit. f DSGVO)<br class=\"wixui-rich-text__text\" \/>Daten, die auf Grundlage berechtigter Interessen verarbeitet werden, speichern wir, bis Sie von Ihrem Widerspruchsrecht gem\u00e4\u00df Art. 21 Abs. 1 DSGVO Gebrauch machen \u2013 es sei denn, es bestehen zwingende schutzw\u00fcrdige Gr\u00fcnde f\u00fcr die Verarbeitung oder sie dient der Geltendmachung, Aus\u00fcbung oder Verteidigung von Rechtsanspr\u00fcchen.<\/span><\/p>\n<p class=\"font_8 wixui-rich-text__text\"><span class=\"wixui-rich-text__text\">8.4 Verarbeitung zu Werbezwecken (Art. 6 Abs. 1 lit. f DSGVO)<br class=\"wixui-rich-text__text\" \/>Daten, die f\u00fcr Direktwerbung verarbeitet werden, speichern wir bis zum Eingang Ihres Widerspruchs gem\u00e4\u00df Art. 21 Abs. 2 DSGVO.<\/span><\/p>\n<p class=\"font_8 wixui-rich-text__text\"><span class=\"wixui-rich-text__text\">Sofern in dieser Datenschutzerkl\u00e4rung keine abweichenden Fristen genannt sind, l\u00f6schen wir personenbezogene Daten, sobald sie f\u00fcr die Zwecke, zu denen sie erhoben oder auf sonstige Weise verarbeitet wurden, nicht mehr erforderlich sind.<\/span><\/p>\n\t\t\t\t\t\t\t\t<\/div>\n\t\t\t\t<\/div>\n\t\t\t\t\t<\/div>\n\t\t\t\t<\/div>\n\t\t\t\t<\/div>","protected":false},"excerpt":{"rendered":"<p>Datenschutzerkl\u00e4rung 1. Einleitung und Kontaktdaten des Verantwortlichen 1.1Wir freuen uns \u00fcber Ihren Besuch auf unserer Website und Ihr Interesse an unseren Angeboten. Der Schutz Ihrer personenbezogenen Daten ist uns ein wichtiges Anliegen. Nachfolgend informieren wir Sie \u00fcber die Verarbeitung Ihrer personenbezogenen Daten bei der Nutzung unserer Website. Personenbezogene Daten sind alle Informationen, mit denen Sie [&hellip;]<\/p>\n","protected":false},"author":1,"featured_media":0,"parent":0,"menu_order":0,"comment_status":"closed","ping_status":"open","template":"page-templates\/about-page.php","meta":{"_monsterinsights_skip_tracking":false,"_monsterinsights_sitenote_active":false,"_monsterinsights_sitenote_note":"","_monsterinsights_sitenote_category":0,"footnotes":""},"class_list":["post-5382","page","type-page","status-publish","hentry"],"aioseo_notices":[],"_links":{"self":[{"href":"https:\/\/consiliumaeternum.com\/en\/wp-json\/wp\/v2\/pages\/5382","targetHints":{"allow":["GET"]}}],"collection":[{"href":"https:\/\/consiliumaeternum.com\/en\/wp-json\/wp\/v2\/pages"}],"about":[{"href":"https:\/\/consiliumaeternum.com\/en\/wp-json\/wp\/v2\/types\/page"}],"author":[{"embeddable":true,"href":"https:\/\/consiliumaeternum.com\/en\/wp-json\/wp\/v2\/users\/1"}],"replies":[{"embeddable":true,"href":"https:\/\/consiliumaeternum.com\/en\/wp-json\/wp\/v2\/comments?post=5382"}],"version-history":[{"count":4,"href":"https:\/\/consiliumaeternum.com\/en\/wp-json\/wp\/v2\/pages\/5382\/revisions"}],"predecessor-version":[{"id":5876,"href":"https:\/\/consiliumaeternum.com\/en\/wp-json\/wp\/v2\/pages\/5382\/revisions\/5876"}],"wp:attachment":[{"href":"https:\/\/consiliumaeternum.com\/en\/wp-json\/wp\/v2\/media?parent=5382"}],"curies":[{"name":"wp","href":"https:\/\/api.w.org\/{rel}","templated":true}]}}