{"id":5846,"date":"2025-05-26T19:14:20","date_gmt":"2025-05-26T19:14:20","guid":{"rendered":"https:\/\/consiliumaeternum.com\/?page_id=5846"},"modified":"2025-05-29T12:47:44","modified_gmt":"2025-05-29T12:47:44","slug":"recht","status":"publish","type":"page","link":"https:\/\/consiliumaeternum.com\/en\/recht\/","title":{"rendered":"Rechts- und Nutzungshinweise"},"content":{"rendered":"<div data-elementor-type=\"wp-page\" data-elementor-id=\"5846\" class=\"elementor elementor-5846\">\n\t\t\t\t<div class=\"elementor-element elementor-element-5c7fee7e e-flex e-con-boxed e-con e-parent\" data-id=\"5c7fee7e\" data-element_type=\"container\" data-e-type=\"container\">\n\t\t\t\t\t<div class=\"e-con-inner\">\n\t\t\t\t<div class=\"elementor-element elementor-element-53838c52 elementor-widget elementor-widget-text-editor\" data-id=\"53838c52\" data-element_type=\"widget\" data-e-type=\"widget\" data-widget_type=\"text-editor.default\">\n\t\t\t\t<div class=\"elementor-widget-container\">\n\t\t\t\t\t\t\t\t\t<div id=\"comp-maz35vb7\" class=\"HcOXKn c9GqVL QxJLC3 lq2cno YQcXTT comp-maz35vb7 wixui-rich-text\" data-testid=\"richTextElement\"><h1 class=\"font_0 wixui-rich-text__text\"><span class=\"wixui-rich-text__text\">Rechts- und Nutzungshinweise<\/span><\/h1><\/div><div id=\"comp-maz35vb91\" class=\"HcOXKn c9GqVL QxJLC3 lq2cno YQcXTT comp-maz35vb91 wixui-rich-text\" data-testid=\"richTextElement\"><p class=\"font_9 wixui-rich-text__text\">Die auf dieser Website von Consilium Aeternum LTD (nachfolgend \u201eConsilium Aeternum\u201c) bereitgestellten Inhalte dienen ausschlie\u00dflich der allgemeinen Information. Obwohl wir uns mit gr\u00f6\u00dfter Sorgfalt um die Richtigkeit, Vollst\u00e4ndigkeit und Aktualit\u00e4t der Inhalte bem\u00fchen, \u00fcbernehmen wir keinerlei Gew\u00e4hr oder Haftung f\u00fcr deren Verf\u00fcgbarkeit oder inhaltliche Korrektheit.<\/p><p class=\"font_9 wixui-rich-text__text\">Die dargestellten Informationen stellen keine individuelle Beratung dar und sind nicht als Aufforderung, Angebot oder Empfehlung zu verstehen \u2013 weder zum Kauf oder Verkauf, noch zur Vornahme oder Unterlassung bestimmter Handlungen. Vielmehr sollen sie Ihnen als Grundlage f\u00fcr eine eigenverantwortliche und informierte Entscheidungsfindung dienen.<\/p><p class=\"font_9 wixui-rich-text__text\">Steuerrechtliche Fragestellungen sind h\u00e4ufig komplex, da sie von zahlreichen Faktoren abh\u00e4ngen \u2013 etwa von der Art der Eink\u00fcnfte, dem Wohnsitz, Doppelbesteuerungsabkommen oder nationalen Gesetzes\u00e4nderungen. Eine pauschale Einsch\u00e4tzung ist daher nicht m\u00f6glich.<\/p><p class=\"font_9 wixui-rich-text__text\">Jahn Strategy bietet keine Rechts- oder Steuerberatung an. F\u00fcr die Einhaltung Ihrer steuerlichen Pflichten \u2013 sowohl im In- als auch im Ausland \u2013 sind ausschlie\u00dflich Sie selbst verantwortlich. Um m\u00f6gliche Risiken zu vermeiden und Ihre individuelle Situation korrekt zu bewerten, empfehlen wir Ihnen ausdr\u00fccklich, sich an einen qualifizierten Steuerberater oder Rechtsanwalt zu wenden. Sollten Sie Unterst\u00fctzung bei der Suche nach einem geeigneten Ansprechpartner ben\u00f6tigen, helfen wir Ihnen gerne weiter. Schreiben Sie uns einfach an:\u00a0<a class=\"wixui-rich-text__text\" href=\"mailto:info@jahnstrategy.com\" data-auto-recognition=\"true\">info@consiliumaeternum.com<\/a><\/p><p class=\"font_9 wixui-rich-text__text\">Mit der Nutzung dieser Website erkennen Sie unsere Rechts- und Nutzungshinweise sowie unsere Allgemeinen Gesch\u00e4ftsbedingungen verbindlich an.<\/p><\/div>\t\t\t\t\t\t\t\t<\/div>\n\t\t\t\t<\/div>\n\t\t\t\t\t<\/div>\n\t\t\t\t<\/div>\n\t\t\t\t<\/div>","protected":false},"excerpt":{"rendered":"<p>Rechts- und Nutzungshinweise Die auf dieser Website von Consilium Aeternum LTD (nachfolgend \u201eConsilium Aeternum\u201c) bereitgestellten Inhalte dienen ausschlie\u00dflich der allgemeinen Information. Obwohl wir uns mit gr\u00f6\u00dfter Sorgfalt um die Richtigkeit, Vollst\u00e4ndigkeit und Aktualit\u00e4t der Inhalte bem\u00fchen, \u00fcbernehmen wir keinerlei Gew\u00e4hr oder Haftung f\u00fcr deren Verf\u00fcgbarkeit oder inhaltliche Korrektheit. Die dargestellten Informationen stellen keine individuelle Beratung [&hellip;]<\/p>\n","protected":false},"author":1,"featured_media":0,"parent":0,"menu_order":0,"comment_status":"closed","ping_status":"closed","template":"page-templates\/about-page.php","meta":{"_monsterinsights_skip_tracking":false,"_monsterinsights_sitenote_active":false,"_monsterinsights_sitenote_note":"","_monsterinsights_sitenote_category":0,"footnotes":""},"class_list":["post-5846","page","type-page","status-publish","hentry"],"aioseo_notices":[],"_links":{"self":[{"href":"https:\/\/consiliumaeternum.com\/en\/wp-json\/wp\/v2\/pages\/5846","targetHints":{"allow":["GET"]}}],"collection":[{"href":"https:\/\/consiliumaeternum.com\/en\/wp-json\/wp\/v2\/pages"}],"about":[{"href":"https:\/\/consiliumaeternum.com\/en\/wp-json\/wp\/v2\/types\/page"}],"author":[{"embeddable":true,"href":"https:\/\/consiliumaeternum.com\/en\/wp-json\/wp\/v2\/users\/1"}],"replies":[{"embeddable":true,"href":"https:\/\/consiliumaeternum.com\/en\/wp-json\/wp\/v2\/comments?post=5846"}],"version-history":[{"count":8,"href":"https:\/\/consiliumaeternum.com\/en\/wp-json\/wp\/v2\/pages\/5846\/revisions"}],"predecessor-version":[{"id":5879,"href":"https:\/\/consiliumaeternum.com\/en\/wp-json\/wp\/v2\/pages\/5846\/revisions\/5879"}],"wp:attachment":[{"href":"https:\/\/consiliumaeternum.com\/en\/wp-json\/wp\/v2\/media?parent=5846"}],"curies":[{"name":"wp","href":"https:\/\/api.w.org\/{rel}","templated":true}]}}