{"id":5860,"date":"2025-05-28T08:40:19","date_gmt":"2025-05-28T08:40:19","guid":{"rendered":"https:\/\/consiliumaeternum.com\/?page_id=5860"},"modified":"2025-05-29T13:21:52","modified_gmt":"2025-05-29T13:21:52","slug":"philosophie","status":"publish","type":"page","link":"https:\/\/consiliumaeternum.com\/en\/philosophie\/","title":{"rendered":"Philosophie"},"content":{"rendered":"<div data-elementor-type=\"wp-page\" data-elementor-id=\"5860\" class=\"elementor elementor-5860\">\n\t\t\t\t<div class=\"elementor-element elementor-element-c82d646 e-flex e-con-boxed e-con e-parent\" data-id=\"c82d646\" data-element_type=\"container\" data-e-type=\"container\">\n\t\t\t\t\t<div class=\"e-con-inner\">\n\t\t\t\t<div class=\"elementor-element elementor-element-3ae390b elementor-widget elementor-widget-innerpagebreadcrumb\" data-id=\"3ae390b\" data-element_type=\"widget\" data-e-type=\"widget\" data-widget_type=\"innerpagebreadcrumb.default\">\n\t\t\t\t<div class=\"elementor-widget-container\">\n\t\t\t\t\t\n\n<!-- Breadcrumb -->\n        <div class=\"breadcrumb-area\">\n            <div class=\"custom-container\">\n                <div class=\"content\">\n                                        <ul>\n                        <li>\n                            <a                             href=\"#\">Unsere Philosophie<\/a>\n                        <\/li>\n\n                        \n                        <li><\/li>\n                    <\/ul>\n                                    <\/div>\n            <\/div>\n        <\/div>\n<!-- End Breadcrumb -->\n<style>\n    \n    .breadcrumb-area::before{\n        background-image: url(https:\/\/consiliumaeternum.com\/wp-content\/uploads\/2025\/05\/ChatGPT-Image-21.-Mai-2025-14_36_59.png);\n    }\n    <\/style>\n\n\n    \t\t\t\t<\/div>\n\t\t\t\t<\/div>\n\t\t\t\t\t<\/div>\n\t\t\t\t<\/div>\n\t\t<div class=\"elementor-element elementor-element-28b4072 e-flex e-con-boxed e-con e-parent\" data-id=\"28b4072\" data-element_type=\"container\" data-e-type=\"container\">\n\t\t\t\t\t<div class=\"e-con-inner\">\n\t\t\t\t<div class=\"elementor-element elementor-element-c5409f7 elementor-widget elementor-widget-mainhomeabout\" data-id=\"c5409f7\" data-element_type=\"widget\" data-e-type=\"widget\" data-widget_type=\"mainhomeabout.default\">\n\t\t\t\t<div class=\"elementor-widget-container\">\n\t\t\t\t\t\n<!-- Start About -->\n<section class=\"section-highlight about-area\">\n    <div class=\"custom-container\">\n        <div class=\"custom-row\">\n                        <div class=\"content section-header-default-content\">\n                <div class=\"section-header\">\n                    <h4 class=\"subtitle\">\n                         <img decoding=\"async\" src=\"https:\/\/wpriverthemes.com\/magnuz\/wp-content\/themes\/magnuz\/assets\/imgs\/star-shape.svg\" alt=\"star\">Unsere Philosophie<img decoding=\"async\" src=\"https:\/\/wpriverthemes.com\/magnuz\/wp-content\/themes\/magnuz\/assets\/imgs\/star-shape.svg\" alt=\"star\">                    <\/h4>\n                    <h1 class=\"title\">\n                        Mission                    <\/h1>\n                <\/div>\n\n                <p>Wir machen unsere Kunden erfolgreich, indem wir Potenziale aufdecken, nutzbar machen und Hindernisse auf ihrem Weg beseitigen.<\/p>\n                \n            <\/div>\n            \n                        <div class=\"right\">\n                <div class=\"img-box\" data-aos=\"fade-up\" data-aos-duration=\"1500\">\n                    <div class=\"img-box-inner\">\n                        <img decoding=\"async\" src=\"https:\/\/consiliumaeternum.com\/wp-content\/uploads\/2025\/05\/moriel44_A_professional_consultant_and_a_client_in_an_outdoor_2a139a2c-7f15-44b4-8bae-994aea378bba_0.png\" alt=\"\">\n                    <\/div>\n                    <img decoding=\"async\" src=\"\" alt=\"\" class=\"border-shape\">\n                <\/div>\n            <\/div>\n                    <\/div>\n    <\/div>\n<\/section>\n<!-- End About -->\n\n    \t\t\t\t<\/div>\n\t\t\t\t<\/div>\n\t\t\t\t\t<\/div>\n\t\t\t\t<\/div>\n\t\t<div class=\"elementor-element elementor-element-9ea551d e-flex e-con-boxed e-con e-parent\" data-id=\"9ea551d\" data-element_type=\"container\" data-e-type=\"container\">\n\t\t\t\t\t<div class=\"e-con-inner\">\n\t\t\t\t<div class=\"elementor-element elementor-element-f532daf elementor-widget elementor-widget-mainhomeabout\" data-id=\"f532daf\" data-element_type=\"widget\" data-e-type=\"widget\" data-widget_type=\"mainhomeabout.default\">\n\t\t\t\t<div class=\"elementor-widget-container\">\n\t\t\t\t\t\n<!-- Start About -->\n<section class=\"section-highlight about-area\">\n    <div class=\"custom-container\">\n        <div class=\"custom-row\">\n                        <div class=\"content section-header-default-content\">\n                <div class=\"section-header\">\n                    <h4 class=\"subtitle\">\n                         <img decoding=\"async\" src=\"https:\/\/wpriverthemes.com\/magnuz\/wp-content\/themes\/magnuz\/assets\/imgs\/star-shape.svg\" alt=\"star\">Unsere Philosophie<img decoding=\"async\" src=\"https:\/\/wpriverthemes.com\/magnuz\/wp-content\/themes\/magnuz\/assets\/imgs\/star-shape.svg\" alt=\"star\">                    <\/h4>\n                    <h1 class=\"title\">\n                        Vision                    <\/h1>\n                <\/div>\n\n                <p>Zusammen mit unseren Kunden stellen wir uns einer komplexen Welt voller Herausforderungen und Chancen. Wir glauben daran, dass wir gemeinsam durch innovative und nachhaltige L\u00f6sungen, die Welt jeden Tag ein bisschen besser machen. Wir tragen unsere Werte in die Gesellschaft, um Raum f\u00fcr Mensch und Natur zu schaffen, daraus entstehen Unternehmen die Generationen \u00fcberdauern.<\/p>\n                \n            <\/div>\n            \n                        <div class=\"right\">\n                <div class=\"img-box\" data-aos=\"fade-up\" data-aos-duration=\"1500\">\n                    <div class=\"img-box-inner\">\n                        <img decoding=\"async\" src=\"https:\/\/consiliumaeternum.com\/wp-content\/uploads\/2025\/05\/moriel44_A_visionary_business_scene_showing_a_diverse_group_o_ce39073f-bb0f-4afb-8f39-a2c81dcb5b9c_3.png\" alt=\"\">\n                    <\/div>\n                    <img decoding=\"async\" src=\"\" alt=\"\" class=\"border-shape\">\n                <\/div>\n            <\/div>\n                    <\/div>\n    <\/div>\n<\/section>\n<!-- End About -->\n\n    \t\t\t\t<\/div>\n\t\t\t\t<\/div>\n\t\t\t\t\t<\/div>\n\t\t\t\t<\/div>\n\t\t\t\t<\/div>","protected":false},"excerpt":{"rendered":"<p>Unsere Philosophie Unsere Philosophie Mission Wir machen unsere Kunden erfolgreich, indem wir Potenziale aufdecken, nutzbar machen und Hindernisse auf ihrem Weg beseitigen. Unsere Philosophie Vision Zusammen mit unseren Kunden stellen wir uns einer komplexen Welt voller Herausforderungen und Chancen. Wir glauben daran, dass wir gemeinsam durch innovative und nachhaltige L\u00f6sungen, die Welt jeden Tag ein [&hellip;]<\/p>\n","protected":false},"author":1,"featured_media":5455,"parent":0,"menu_order":0,"comment_status":"closed","ping_status":"closed","template":"page-templates\/about-page.php","meta":{"_monsterinsights_skip_tracking":false,"_monsterinsights_sitenote_active":false,"_monsterinsights_sitenote_note":"","_monsterinsights_sitenote_category":0,"footnotes":""},"class_list":["post-5860","page","type-page","status-publish","has-post-thumbnail","hentry"],"aioseo_notices":[],"_links":{"self":[{"href":"https:\/\/consiliumaeternum.com\/en\/wp-json\/wp\/v2\/pages\/5860","targetHints":{"allow":["GET"]}}],"collection":[{"href":"https:\/\/consiliumaeternum.com\/en\/wp-json\/wp\/v2\/pages"}],"about":[{"href":"https:\/\/consiliumaeternum.com\/en\/wp-json\/wp\/v2\/types\/page"}],"author":[{"embeddable":true,"href":"https:\/\/consiliumaeternum.com\/en\/wp-json\/wp\/v2\/users\/1"}],"replies":[{"embeddable":true,"href":"https:\/\/consiliumaeternum.com\/en\/wp-json\/wp\/v2\/comments?post=5860"}],"version-history":[{"count":5,"href":"https:\/\/consiliumaeternum.com\/en\/wp-json\/wp\/v2\/pages\/5860\/revisions"}],"predecessor-version":[{"id":5889,"href":"https:\/\/consiliumaeternum.com\/en\/wp-json\/wp\/v2\/pages\/5860\/revisions\/5889"}],"wp:featuredmedia":[{"embeddable":true,"href":"https:\/\/consiliumaeternum.com\/en\/wp-json\/wp\/v2\/media\/5455"}],"wp:attachment":[{"href":"https:\/\/consiliumaeternum.com\/en\/wp-json\/wp\/v2\/media?parent=5860"}],"curies":[{"name":"wp","href":"https:\/\/api.w.org\/{rel}","templated":true}]}}